{"id":21,"date":"2014-08-04T16:01:19","date_gmt":"2014-08-04T15:01:19","guid":{"rendered":"https:\/\/nataliebalsan.com\/wpbalsan\/?page_id=21"},"modified":"2025-06-10T17:06:05","modified_gmt":"2025-06-10T15:06:05","slug":"biographie","status":"publish","type":"page","link":"https:\/\/nataliebalsan.com\/?page_id=21","title":{"rendered":"Biographie"},"content":{"rendered":"<div class=\"page\" title=\"Page 1\">\n<div class=\"layoutArea\">\n<div class=\"column\">\n<p style=\"text-align: right;\"><a class=\"pdf\" href=\"https:\/\/nataliebalsan.com\/wp-content\/uploads\/2014\/08\/biographie.pdf\"><img decoding=\"async\" class=\"alignright size-medium wp-image-425\" src=\"https:\/\/nataliebalsan.com\/wp-content\/uploads\/2014\/08\/biographie.png\" alt=\"\" width=\"70\" height=\"auto\" \/> T\u00e9l\u00e9charger le PDF\u2026<\/a><\/p>\n<p><em>Natalie Balsan est \u2013 selon ses propres mots \u2013 <\/em>entr\u00e9e en peinture<em>\u00a0suite a\u0300 un s\u00e9jour en Corse. Bien qu\u2019elle n\u2019ait a\u0300 peu pr\u00e8s jamais touch\u00e9 de pinceau auparavant, elle d\u00e9veloppe rapidement une \u0153uvre d\u2019une ma\u00eetrise surprenante. C\u2019est que l\u2019artiste a choisi pour sa formation le meilleur des entra\u00eenements : le dessin sur mod\u00e8le vivant, qu\u2019elle travaille avec assiduit\u00e9. Alors le trait se place, trouve sa juste tension, les ombres sont pos\u00e9es avec mesure, et les couleurs, s\u2019il y a, illuminent l\u2019\u0153uvre de leur densit\u00e9. Cette fulgurante maturit\u00e9 plastique traduit le bonheur r\u00e9el qu\u2019a trouv\u00e9 Natalie Balsan dans cette vie d\u2019artiste<\/em>.\u00a0 Corine Girieud<\/p>\n<p><img loading=\"lazy\" decoding=\"async\" class=\" wp-image-582 alignright\" src=\"https:\/\/nataliebalsan.com\/wp-content\/uploads\/2014\/08\/NB_Aix2009_Ph_E.Chareton-600x450.jpg\" alt=\"\" width=\"525\" height=\"394\" srcset=\"https:\/\/nataliebalsan.com\/wp-content\/uploads\/2014\/08\/NB_Aix2009_Ph_E.Chareton-600x450.jpg 600w, https:\/\/nataliebalsan.com\/wp-content\/uploads\/2014\/08\/NB_Aix2009_Ph_E.Chareton-768x576.jpg 768w, https:\/\/nataliebalsan.com\/wp-content\/uploads\/2014\/08\/NB_Aix2009_Ph_E.Chareton-1024x768.jpg 1024w, https:\/\/nataliebalsan.com\/wp-content\/uploads\/2014\/08\/NB_Aix2009_Ph_E.Chareton-1280x960.jpg 1280w\" sizes=\"auto, (max-width: 525px) 100vw, 525px\" \/><\/p>\n<p>Extrait de <em>\u0152uvres sur papier<\/em>, entretien paru dans Idea Corse &#8211; D\u00e9cembre 2005.<\/p>\n<p>Natalie Balsan vit et travaille a\u0300 Sart\u00e8ne en Corse du Sud o\u00f9, sous l&rsquo;\u00e9gide de l&rsquo;association loi de 1901 <em>Atelier Paccialedda<\/em>, elle anime toute l&rsquo;ann\u00e9e des ateliers et stages de dessin, aquarelle, peinture et gravure pour adultes d\u00e9butants et confirm\u00e9s.<\/p>\n<p><em>Elle voit le langage du corps qui dit la force de la vie, les marques de la vie, la vie qui s&rsquo;\u00e9coule dans la tendresse ou l&rsquo;amertume. Regard, sourire, port de t\u00eate, de bras&#8230; autant de proclamations de vie.<br \/>\nExplorant d&rsquo;autres modes de communication, Natalie rencontre les fleurs. Ces organes g\u00e9nitaux cr\u00e9ent un monde olfactif mais aussi de couleurs et de formes. Ses aquarelles parlent de l&rsquo;autre et du plaisir.<\/em><br \/>\nHenri Cond\u00e9<\/p>\n<\/div>\n<\/div>\n<\/div>\n","protected":false},"excerpt":{"rendered":"<p>T\u00e9l\u00e9charger le PDF\u2026 Natalie Balsan est \u2013 selon ses propres mots \u2013 entr\u00e9e en peinture\u00a0suite a\u0300 un s\u00e9jour en Corse. Bien qu\u2019elle n\u2019ait a\u0300 peu pr\u00e8s jamais touch\u00e9 de pinceau auparavant, elle d\u00e9veloppe rapidement une \u0153uvre d\u2019une ma\u00eetrise surprenante. C\u2019est que l\u2019artiste a choisi pour sa formation le meilleur des entra\u00eenements : le dessin sur [&hellip;]<\/p>\n","protected":false},"author":1,"featured_media":0,"parent":0,"menu_order":0,"comment_status":"closed","ping_status":"closed","template":"","meta":{"footnotes":""},"class_list":["post-21","page","type-page","status-publish","hentry"],"jetpack_shortlink":"https:\/\/wp.me\/P9GCpO-l","jetpack_sharing_enabled":true,"_links":{"self":[{"href":"https:\/\/nataliebalsan.com\/index.php?rest_route=\/wp\/v2\/pages\/21","targetHints":{"allow":["GET"]}}],"collection":[{"href":"https:\/\/nataliebalsan.com\/index.php?rest_route=\/wp\/v2\/pages"}],"about":[{"href":"https:\/\/nataliebalsan.com\/index.php?rest_route=\/wp\/v2\/types\/page"}],"author":[{"embeddable":true,"href":"https:\/\/nataliebalsan.com\/index.php?rest_route=\/wp\/v2\/users\/1"}],"replies":[{"embeddable":true,"href":"https:\/\/nataliebalsan.com\/index.php?rest_route=%2Fwp%2Fv2%2Fcomments&post=21"}],"version-history":[{"count":30,"href":"https:\/\/nataliebalsan.com\/index.php?rest_route=\/wp\/v2\/pages\/21\/revisions"}],"predecessor-version":[{"id":1250,"href":"https:\/\/nataliebalsan.com\/index.php?rest_route=\/wp\/v2\/pages\/21\/revisions\/1250"}],"wp:attachment":[{"href":"https:\/\/nataliebalsan.com\/index.php?rest_route=%2Fwp%2Fv2%2Fmedia&parent=21"}],"curies":[{"name":"wp","href":"https:\/\/api.w.org\/{rel}","templated":true}]}}